{"id":94,"date":"2022-06-06T08:26:08","date_gmt":"2022-06-06T08:26:08","guid":{"rendered":"https:\/\/www.louisehynneke.dk\/?page_id=94"},"modified":"2025-06-24T12:01:06","modified_gmt":"2025-06-24T10:01:06","slug":"psykoterapeut","status":"publish","type":"page","link":"https:\/\/louisehynneke.dk\/index.php\/psykoterapeut\/","title":{"rendered":"Psykoterapeut"},"content":{"rendered":"\n<p>Hvad er en psykoterapeut og hvad er psykoterapi ?<\/p>\n\n\n\n<p><em>Jeg er uddannet ID Psykoterapeut, det betyder at den psykoterapi jeg tilbyder er terapi der er udviklet af Ole Vadum.<\/em> <em>ID psykoterapi st\u00e5r for identitetsorienteret og integrativ dynamisk psykoterapi. Jeg arbejder med din krop, dit sind og din \u00e5nd, helhedsorienteret.\u00a0<\/em><\/p>\n\n\n<div class=\"wp-block-image\">\n<figure class=\"aligncenter size-medium\"><img loading=\"lazy\" decoding=\"async\" width=\"276\" height=\"300\" src=\"https:\/\/louisehynneke.dk\/wp-content\/uploads\/2022\/06\/mig-276x300.jpg\" alt=\" Reiki kursus hos Psykoterapeut Louise Hynneke\" class=\"wp-image-38\"\/><figcaption class=\"wp-element-caption\">Louise Hynneke &#8211; Psykoterapeut og Reiki Master Teacher<\/figcaption><\/figure>\n<\/div>\n\n\n<p><em>Psykoterapi er en samtalebaseret terapiform. Det er altid klientens livssituation, der er omdrejningspunktet for terapien. Form\u00e5let med terapien er, at klienten gennem den selverkendelse og \u00f8gede bevidsthed som klienten opn\u00e5r i terapien, bliver i stand til, at kunne l\u00f8se sine problemer og udfordringer selv.&nbsp;<\/em><\/p>\n\n\n\n<p><em>Det er meget individuelt hvor mange sessioner der skal til, for at klienten kan l\u00f8se sine udfordringer selv. Det kan v\u00e6re alt fra en enkelt gang til m\u00e5nedligt session. Det er heller ikke unormalt at der er klienter der har g\u00e5et ved den samme terapeut hver halve \u00e5r.<\/em> <em>Jeg har tavshedspligt! <\/em><\/p>\n\n\n\n<p><strong>Jeg kan hj\u00e6lpe dig med<\/strong><\/p>\n\n\n\n<p><em>Jeg kan hj\u00e6lpe mennesker med psykiske og personlige udfordringer, s\u00e5som sorg, Livskriser, stress eller angst, svigt, personlig udvikling. Jeg kan ikke tage dig i terapi hvis du lider af sv\u00e6re psykiske lidelser eller stille dig en kliniske diagnose. Der skal du ops\u00f8ge en psykolog eller psykiater.&nbsp;<\/em><\/p>\n\n\n\n<p><\/p>\n","protected":false},"excerpt":{"rendered":"<p>Hvad er en psykoterapeut og hvad er psykoterapi ? Jeg er uddannet ID Psykoterapeut, det betyder at den psykoterapi jeg tilbyder er terapi der er udviklet af Ole Vadum. ID psykoterapi st\u00e5r for identitetsorienteret og integrativ dynamisk psykoterapi. Jeg arbejder med din krop, dit sind og din \u00e5nd, helhedsorienteret.\u00a0 Psykoterapi er en samtalebaseret terapiform. Det [&hellip;]<\/p>\n","protected":false},"author":1,"featured_media":0,"parent":0,"menu_order":0,"comment_status":"closed","ping_status":"closed","template":"","meta":{"footnotes":""},"class_list":["post-94","page","type-page","status-publish","hentry"],"_links":{"self":[{"href":"https:\/\/louisehynneke.dk\/index.php\/wp-json\/wp\/v2\/pages\/94","targetHints":{"allow":["GET"]}}],"collection":[{"href":"https:\/\/louisehynneke.dk\/index.php\/wp-json\/wp\/v2\/pages"}],"about":[{"href":"https:\/\/louisehynneke.dk\/index.php\/wp-json\/wp\/v2\/types\/page"}],"author":[{"embeddable":true,"href":"https:\/\/louisehynneke.dk\/index.php\/wp-json\/wp\/v2\/users\/1"}],"replies":[{"embeddable":true,"href":"https:\/\/louisehynneke.dk\/index.php\/wp-json\/wp\/v2\/comments?post=94"}],"version-history":[{"count":14,"href":"https:\/\/louisehynneke.dk\/index.php\/wp-json\/wp\/v2\/pages\/94\/revisions"}],"predecessor-version":[{"id":1606,"href":"https:\/\/louisehynneke.dk\/index.php\/wp-json\/wp\/v2\/pages\/94\/revisions\/1606"}],"wp:attachment":[{"href":"https:\/\/louisehynneke.dk\/index.php\/wp-json\/wp\/v2\/media?parent=94"}],"curies":[{"name":"wp","href":"https:\/\/api.w.org\/{rel}","templated":true}]}}