{"id":503,"date":"2022-11-26T08:07:37","date_gmt":"2022-11-26T08:07:37","guid":{"rendered":"https:\/\/louisehynneke.dk\/?page_id=503"},"modified":"2025-06-24T11:59:28","modified_gmt":"2025-06-24T09:59:28","slug":"503-2","status":"publish","type":"page","link":"https:\/\/louisehynneke.dk\/index.php\/503-2\/","title":{"rendered":"Kursus tilmelding"},"content":{"rendered":"\n<p>Du er velkommen til at kontakte mig p\u00e5 tlf 28 56 08 26 hvis du har sp\u00f8rgsm\u00e5l<\/p>\n\n\n\n<p><br><strong>Reiki Master kursus<\/strong> kontakt for information <br><strong>Reiki 2 kursus<\/strong> kontakt for information <br><strong>Reiki 1 kursus<\/strong> kontakt for information <\/p>\n\n\n\n<p><\/p>\n\n\n\n<p>Klik her for <a href=\"https:\/\/louisehynneke.dk\/index.php\/priser-paa-reiki-healing\/\">priser<\/a> <\/p>\n\n\n\n<p>Tilmeld dig p\u00e5:<\/p>\n\n\n\n<figure class=\"wp-block-image size-full is-resized\"><img loading=\"lazy\" decoding=\"async\" width=\"411\" height=\"58\" src=\"https:\/\/louisehynneke.dk\/wp-content\/uploads\/2024\/05\/louisemail1.jpg\" alt=\"\" class=\"wp-image-1586\" style=\"width:211px;height:auto\" srcset=\"https:\/\/louisehynneke.dk\/wp-content\/uploads\/2024\/05\/louisemail1.jpg 411w, https:\/\/louisehynneke.dk\/wp-content\/uploads\/2024\/05\/louisemail1-300x42.jpg 300w\" sizes=\"auto, (max-width: 411px) 100vw, 411px\" \/><\/figure>\n\n\n\n<p>N\u00e6rmere information om arrangementerne finder du her p\u00e5 hjemmesiden eller p\u00e5 Facebook siden<\/p>\n\n\n\n<p><a href=\"https:\/\/www.facebook.com\/LouiseHynneke\/?modal=focused_switcher_dialog\">Livstr\u00e6et v\/Louise Hynneke<\/a><br><\/p>\n\n\n\n<p><\/p>\n\n\n\n<p><\/p>\n\n\n\n<p><br><\/p>\n","protected":false},"excerpt":{"rendered":"<p>Du er velkommen til at kontakte mig p\u00e5 tlf 28 56 08 26 hvis du har sp\u00f8rgsm\u00e5l Reiki Master kursus kontakt for information Reiki 2 kursus kontakt for information Reiki 1 kursus kontakt for information Klik her for priser Tilmeld dig p\u00e5: N\u00e6rmere information om arrangementerne finder du her p\u00e5 hjemmesiden eller p\u00e5 Facebook siden [&hellip;]<\/p>\n","protected":false},"author":1,"featured_media":0,"parent":0,"menu_order":0,"comment_status":"closed","ping_status":"closed","template":"","meta":{"footnotes":""},"class_list":["post-503","page","type-page","status-publish","hentry"],"_links":{"self":[{"href":"https:\/\/louisehynneke.dk\/index.php\/wp-json\/wp\/v2\/pages\/503","targetHints":{"allow":["GET"]}}],"collection":[{"href":"https:\/\/louisehynneke.dk\/index.php\/wp-json\/wp\/v2\/pages"}],"about":[{"href":"https:\/\/louisehynneke.dk\/index.php\/wp-json\/wp\/v2\/types\/page"}],"author":[{"embeddable":true,"href":"https:\/\/louisehynneke.dk\/index.php\/wp-json\/wp\/v2\/users\/1"}],"replies":[{"embeddable":true,"href":"https:\/\/louisehynneke.dk\/index.php\/wp-json\/wp\/v2\/comments?post=503"}],"version-history":[{"count":25,"href":"https:\/\/louisehynneke.dk\/index.php\/wp-json\/wp\/v2\/pages\/503\/revisions"}],"predecessor-version":[{"id":1693,"href":"https:\/\/louisehynneke.dk\/index.php\/wp-json\/wp\/v2\/pages\/503\/revisions\/1693"}],"wp:attachment":[{"href":"https:\/\/louisehynneke.dk\/index.php\/wp-json\/wp\/v2\/media?parent=503"}],"curies":[{"name":"wp","href":"https:\/\/api.w.org\/{rel}","templated":true}]}}