{"id":314,"date":"2022-10-26T09:54:29","date_gmt":"2022-10-26T09:54:29","guid":{"rendered":"https:\/\/louisehynneke.dk\/?page_id=314"},"modified":"2025-06-24T12:01:55","modified_gmt":"2025-06-24T10:01:55","slug":"udesidning","status":"publish","type":"page","link":"https:\/\/louisehynneke.dk\/index.php\/udesidning\/","title":{"rendered":"Udesidning"},"content":{"rendered":"\n<p><a href=\"https:\/\/louisehynneke.dk\/\">G\u00e5 til forsiden<\/a><\/p>\n\n\n\n<p>Udesidning stammer helt tilbage fra vikingerne. Hos vikingerne var det en gammel tradition der flittigt blev brugt til at komme i kontakt med \u00e5nderne der gav dem bl.a r\u00e5dgivning. <\/p>\n\n\n<div class=\"wp-block-image\">\n<figure class=\"aligncenter size-medium\"><img loading=\"lazy\" decoding=\"async\" width=\"300\" height=\"225\" src=\"https:\/\/louisehynneke.dk\/wp-content\/uploads\/2022\/06\/horisont_egebjerg-300x225.jpg\" alt=\"udesidning\" class=\"wp-image-77\" srcset=\"https:\/\/louisehynneke.dk\/wp-content\/uploads\/2022\/06\/horisont_egebjerg-300x225.jpg 300w, https:\/\/louisehynneke.dk\/wp-content\/uploads\/2022\/06\/horisont_egebjerg-1024x768.jpg 1024w, https:\/\/louisehynneke.dk\/wp-content\/uploads\/2022\/06\/horisont_egebjerg-768x576.jpg 768w, https:\/\/louisehynneke.dk\/wp-content\/uploads\/2022\/06\/horisont_egebjerg.jpg 1344w\" sizes=\"auto, (max-width: 300px) 100vw, 300px\" \/><figcaption>Udesidning er n\u00e5r solen g\u00e5r ned, og det bliver m\u00f8rkt<\/figcaption><\/figure>\n<\/div>\n\n\n<p>Det man ved fra dengang var at vikingerne sad i tre dage af gangen i naturen et sted for dem selv.  De var fastende fordi det styrkede deres sanser og bevidsthed. De havde nemmere ved at komme i kontakt med \u00e5ndeverden.<\/p>\n\n\n\n<p>I dag afholder Livstr\u00e6et v\/Louise Hynneke Udesidning over 3 og 5 timer. Vi sidder i m\u00f8rke, og dette kan for mange v\u00e6kke en uro, r\u00e6dsel, frygt, m\u00e5ske endda angst der ikke kan s\u00e6ttes de rigtige ord p\u00e5. M\u00f8rket bliver et spejl af vores blinde sider i vores psyke, der er klar til at komme frem i lyset og blive transformeret.<\/p>\n\n\n\n<p> Jeg er uddannet og certificeret ID psykoterapeut og er dit anker i denne proces. V\u00e6lger du Udesidning hos mig, tager vi en snak om dit \u00f8nske og bekymring for Udesidningen. <\/p>\n\n\n\n<p>Jeg har g\u00e5et gennem m\u00f8rket. Og jeg g\u00e5r gerne ved siden af dig gennem dit m\u00f8rke. <\/p>\n\n\n\n<p class=\"has-text-align-right\"><a href=\"https:\/\/drone365.dk\">Drone365<\/a><\/p>\n","protected":false},"excerpt":{"rendered":"<p>G\u00e5 til forsiden Udesidning stammer helt tilbage fra vikingerne. Hos vikingerne var det en gammel tradition der flittigt blev brugt til at komme i kontakt med \u00e5nderne der gav dem bl.a r\u00e5dgivning. Det man ved fra dengang var at vikingerne sad i tre dage af gangen i naturen et sted for dem selv. De var [&hellip;]<\/p>\n","protected":false},"author":1,"featured_media":0,"parent":0,"menu_order":0,"comment_status":"closed","ping_status":"closed","template":"","meta":{"footnotes":""},"class_list":["post-314","page","type-page","status-publish","hentry"],"_links":{"self":[{"href":"https:\/\/louisehynneke.dk\/index.php\/wp-json\/wp\/v2\/pages\/314","targetHints":{"allow":["GET"]}}],"collection":[{"href":"https:\/\/louisehynneke.dk\/index.php\/wp-json\/wp\/v2\/pages"}],"about":[{"href":"https:\/\/louisehynneke.dk\/index.php\/wp-json\/wp\/v2\/types\/page"}],"author":[{"embeddable":true,"href":"https:\/\/louisehynneke.dk\/index.php\/wp-json\/wp\/v2\/users\/1"}],"replies":[{"embeddable":true,"href":"https:\/\/louisehynneke.dk\/index.php\/wp-json\/wp\/v2\/comments?post=314"}],"version-history":[{"count":6,"href":"https:\/\/louisehynneke.dk\/index.php\/wp-json\/wp\/v2\/pages\/314\/revisions"}],"predecessor-version":[{"id":384,"href":"https:\/\/louisehynneke.dk\/index.php\/wp-json\/wp\/v2\/pages\/314\/revisions\/384"}],"wp:attachment":[{"href":"https:\/\/louisehynneke.dk\/index.php\/wp-json\/wp\/v2\/media?parent=314"}],"curies":[{"name":"wp","href":"https:\/\/api.w.org\/{rel}","templated":true}]}}